{"id":142,"date":"2024-11-05T18:02:52","date_gmt":"2024-11-05T21:02:52","guid":{"rendered":"https:\/\/hotelcid.com.ar\/bienvenido\/?page_id=142"},"modified":"2024-12-17T20:49:35","modified_gmt":"2024-12-17T23:49:35","slug":"reservas","status":"publish","type":"page","link":"https:\/\/hotelcid.com.ar\/bienvenido\/reservas\/","title":{"rendered":"Reservas"},"content":{"rendered":"\n\n<p><style>\n.entry-content > *:not(.alignwide):not(.alignfull):not(.alignleft):not(.alignright):not(.is-style-wide) {<br \/>\n    max-width: 80% !important;<br \/>\n    width: calc(100% - 4rem);<br \/>\n}<br \/>\n.hb-accom-list {<br \/>\n    max-width: 100% !important;<br \/>\n}<br \/>\n<\/style><\/p>\n\n\n<p>* Ni\u00f1os: menores de 3 a\u00f1os, no se deben agregar en la b\u00fasqueda. <\/p>\n","protected":false},"excerpt":{"rendered":"<p>* Ni\u00f1os: menores de 3 a\u00f1os, no se deben agregar en la b\u00fasqueda.<\/p>\n","protected":false},"author":1,"featured_media":0,"parent":0,"menu_order":0,"comment_status":"closed","ping_status":"closed","template":"","meta":{"footnotes":""},"class_list":["post-142","page","type-page","status-publish","hentry"],"_links":{"self":[{"href":"https:\/\/hotelcid.com.ar\/bienvenido\/wp-json\/wp\/v2\/pages\/142","targetHints":{"allow":["GET"]}}],"collection":[{"href":"https:\/\/hotelcid.com.ar\/bienvenido\/wp-json\/wp\/v2\/pages"}],"about":[{"href":"https:\/\/hotelcid.com.ar\/bienvenido\/wp-json\/wp\/v2\/types\/page"}],"author":[{"embeddable":true,"href":"https:\/\/hotelcid.com.ar\/bienvenido\/wp-json\/wp\/v2\/users\/1"}],"replies":[{"embeddable":true,"href":"https:\/\/hotelcid.com.ar\/bienvenido\/wp-json\/wp\/v2\/comments?post=142"}],"version-history":[{"count":5,"href":"https:\/\/hotelcid.com.ar\/bienvenido\/wp-json\/wp\/v2\/pages\/142\/revisions"}],"predecessor-version":[{"id":184,"href":"https:\/\/hotelcid.com.ar\/bienvenido\/wp-json\/wp\/v2\/pages\/142\/revisions\/184"}],"wp:attachment":[{"href":"https:\/\/hotelcid.com.ar\/bienvenido\/wp-json\/wp\/v2\/media?parent=142"}],"curies":[{"name":"wp","href":"https:\/\/api.w.org\/{rel}","templated":true}]}}