{"id":37,"date":"2022-06-08T11:00:49","date_gmt":"2022-06-08T14:00:49","guid":{"rendered":"https:\/\/hotelcid.com.ar\/bienvenido\/?page_id=37"},"modified":"2023-12-09T11:33:00","modified_gmt":"2023-12-09T14:33:00","slug":"bienvenido","status":"publish","type":"page","link":"https:\/\/hotelcid.com.ar\/bienvenido\/","title":{"rendered":"Bienvenido"},"content":{"rendered":"\n<div class=\"wp-block-columns is-not-stacked-on-mobile sinmargen is-layout-flex wp-container-core-columns-is-layout-9d6595d7 wp-block-columns-is-layout-flex\" id=\"menu\">\n<div class=\"wp-block-column is-layout-flow wp-block-column-is-layout-flow\">\n<figure class=\"wp-block-image size-full\"><a href=\"#info-util\"><img loading=\"lazy\" decoding=\"async\" width=\"570\" height=\"406\" src=\"https:\/\/hotelcid.com.ar\/bienvenido\/wp-content\/uploads\/2022\/06\/info-btt.png\" alt=\"\" class=\"wp-image-58\" srcset=\"https:\/\/hotelcid.com.ar\/bienvenido\/wp-content\/uploads\/2022\/06\/info-btt.png 570w, https:\/\/hotelcid.com.ar\/bienvenido\/wp-content\/uploads\/2022\/06\/info-btt-300x214.png 300w\" sizes=\"auto, (max-width: 570px) 100vw, 570px\" \/><\/a><\/figure>\n\n\n\n<figure class=\"wp-block-image size-full\"><a href=\"#piscinas\"><img loading=\"lazy\" decoding=\"async\" width=\"570\" height=\"407\" src=\"https:\/\/hotelcid.com.ar\/bienvenido\/wp-content\/uploads\/2022\/06\/piscinas-btt.png\" alt=\"\" class=\"wp-image-61\" srcset=\"https:\/\/hotelcid.com.ar\/bienvenido\/wp-content\/uploads\/2022\/06\/piscinas-btt.png 570w, https:\/\/hotelcid.com.ar\/bienvenido\/wp-content\/uploads\/2022\/06\/piscinas-btt-300x214.png 300w\" sizes=\"auto, (max-width: 570px) 100vw, 570px\" \/><\/a><\/figure>\n\n\n\n<figure class=\"wp-block-image size-full\"><a href=\"#spa\"><img loading=\"lazy\" decoding=\"async\" width=\"570\" height=\"406\" src=\"https:\/\/hotelcid.com.ar\/bienvenido\/wp-content\/uploads\/2022\/06\/spa-btt.png\" alt=\"\" class=\"wp-image-40\" srcset=\"https:\/\/hotelcid.com.ar\/bienvenido\/wp-content\/uploads\/2022\/06\/spa-btt.png 570w, https:\/\/hotelcid.com.ar\/bienvenido\/wp-content\/uploads\/2022\/06\/spa-btt-300x214.png 300w\" sizes=\"auto, (max-width: 570px) 100vw, 570px\" \/><\/a><\/figure>\n\n\n\n<figure class=\"wp-block-image size-full\"><img loading=\"lazy\" decoding=\"async\" width=\"570\" height=\"406\" src=\"https:\/\/hotelcid.com.ar\/bienvenido\/wp-content\/uploads\/2022\/06\/conserjeria-btt.png\" alt=\"\" class=\"wp-image-50\" srcset=\"https:\/\/hotelcid.com.ar\/bienvenido\/wp-content\/uploads\/2022\/06\/conserjeria-btt.png 570w, https:\/\/hotelcid.com.ar\/bienvenido\/wp-content\/uploads\/2022\/06\/conserjeria-btt-300x214.png 300w\" sizes=\"auto, (max-width: 570px) 100vw, 570px\" \/><\/figure>\n\n\n\n<figure class=\"wp-block-image size-full\"><a href=\"https:\/\/www.facebook.com\/ElCidHotel\" target=\"_blank\" rel=\"noreferrer noopener\"><img loading=\"lazy\" decoding=\"async\" width=\"570\" height=\"229\" src=\"https:\/\/hotelcid.com.ar\/bienvenido\/wp-content\/uploads\/2022\/06\/fb-btt.png\" alt=\"\" class=\"wp-image-45\" srcset=\"https:\/\/hotelcid.com.ar\/bienvenido\/wp-content\/uploads\/2022\/06\/fb-btt.png 570w, https:\/\/hotelcid.com.ar\/bienvenido\/wp-content\/uploads\/2022\/06\/fb-btt-300x121.png 300w\" sizes=\"auto, (max-width: 570px) 100vw, 570px\" \/><\/a><\/figure>\n<\/div>\n\n\n\n<div class=\"wp-block-column is-layout-flow wp-block-column-is-layout-flow\">\n<figure class=\"wp-block-image size-full\"><a href=\"#restaurante\"><img loading=\"lazy\" decoding=\"async\" width=\"570\" height=\"406\" src=\"https:\/\/hotelcid.com.ar\/bienvenido\/wp-content\/uploads\/2022\/06\/restaurante-btt.png\" alt=\"\" class=\"wp-image-41\" srcset=\"https:\/\/hotelcid.com.ar\/bienvenido\/wp-content\/uploads\/2022\/06\/restaurante-btt.png 570w, https:\/\/hotelcid.com.ar\/bienvenido\/wp-content\/uploads\/2022\/06\/restaurante-btt-300x214.png 300w\" sizes=\"auto, (max-width: 570px) 100vw, 570px\" \/><\/a><\/figure>\n\n\n\n<figure class=\"wp-block-image size-full\"><a href=\"#bar\"><img loading=\"lazy\" decoding=\"async\" width=\"571\" height=\"407\" src=\"https:\/\/hotelcid.com.ar\/bienvenido\/wp-content\/uploads\/2022\/06\/bar-bttn.png\" alt=\"\" class=\"wp-image-65\" srcset=\"https:\/\/hotelcid.com.ar\/bienvenido\/wp-content\/uploads\/2022\/06\/bar-bttn.png 571w, https:\/\/hotelcid.com.ar\/bienvenido\/wp-content\/uploads\/2022\/06\/bar-bttn-300x214.png 300w\" sizes=\"auto, (max-width: 571px) 100vw, 571px\" \/><\/a><\/figure>\n\n\n\n<figure class=\"wp-block-image size-full\"><a href=\"#tanque\"><img loading=\"lazy\" decoding=\"async\" width=\"571\" height=\"407\" src=\"https:\/\/hotelcid.com.ar\/bienvenido\/wp-content\/uploads\/2022\/06\/tanque-btt-1.png\" alt=\"\" class=\"wp-image-81\" srcset=\"https:\/\/hotelcid.com.ar\/bienvenido\/wp-content\/uploads\/2022\/06\/tanque-btt-1.png 571w, https:\/\/hotelcid.com.ar\/bienvenido\/wp-content\/uploads\/2022\/06\/tanque-btt-1-300x214.png 300w\" sizes=\"auto, (max-width: 571px) 100vw, 571px\" \/><\/a><\/figure>\n\n\n\n<figure class=\"wp-block-image size-full\"><a href=\"https:\/\/hotelcid.com.ar\/bienvenido\/su-opinion\/\"><img loading=\"lazy\" decoding=\"async\" width=\"570\" height=\"406\" src=\"https:\/\/hotelcid.com.ar\/bienvenido\/wp-content\/uploads\/2022\/06\/opinion-btt.png\" alt=\"\" class=\"wp-image-51\" srcset=\"https:\/\/hotelcid.com.ar\/bienvenido\/wp-content\/uploads\/2022\/06\/opinion-btt.png 570w, https:\/\/hotelcid.com.ar\/bienvenido\/wp-content\/uploads\/2022\/06\/opinion-btt-300x214.png 300w\" sizes=\"auto, (max-width: 570px) 100vw, 570px\" \/><\/a><figcaption class=\"wp-element-caption\"><a href=\"#tanque\"><\/a><\/figcaption><\/figure>\n\n\n\n<figure class=\"wp-block-image size-full\"><img loading=\"lazy\" decoding=\"async\" width=\"570\" height=\"229\" src=\"https:\/\/hotelcid.com.ar\/bienvenido\/wp-content\/uploads\/2022\/06\/ig-btt.png\" alt=\"\" class=\"wp-image-46\" srcset=\"https:\/\/hotelcid.com.ar\/bienvenido\/wp-content\/uploads\/2022\/06\/ig-btt.png 570w, https:\/\/hotelcid.com.ar\/bienvenido\/wp-content\/uploads\/2022\/06\/ig-btt-300x121.png 300w\" sizes=\"auto, (max-width: 570px) 100vw, 570px\" \/><\/figure>\n<\/div>\n<\/div>\n\n\n\n<h2 class=\"wp-block-heading\" id=\"info-util\">Informaci\u00f3n \u00fatil<\/h2>\n\n\n\n<p><strong>Horario de ingreso (check-in)<\/strong> 13 horas.<br>Al momento del ingreso, se le entregar\u00e1 una tarjeta magn\u00e9tica para la apertura de su habitaci\u00f3n y un control remoto de su TV. Al momento de retirarse deber\u00e1 devolverlos en recepci\u00f3n.<\/p>\n\n\n\n<p><strong>Horario de salida (check-out) <\/strong>10:30 horas.<\/p>\n\n\n\n<p>Si desea retirarse posteriormente al horario de salida (<strong>late check-out<\/strong>), consulte disponibilidad y aproveche al m\u00e1ximo su estad\u00eda a un precio conveniente.<\/p>\n\n\n\n<p><strong>Desayuno<\/strong> de 8 a 10:15 hs.<br>Si necesita desayunar antes del horario de inicio, por favor comun\u00edquese con recepci\u00f3n.<\/p>\n\n\n\n<p><strong>Cocheras<\/strong><br>Se pagan por separado a la habitaci\u00f3n y se ocupan por orden de llegada, sin reservaci\u00f3n.<\/p>\n\n\n\n<p><strong>Limpieza<\/strong><br>Coloque en el picaporte de la puerta el tarjet\u00f3n indicador de descanso o limpiar habitaci\u00f3n para referencia de las mucamas. Gracias.<\/p>\n\n\n\n<p><strong>Caja fuerte<\/strong><br>Usted puede dejar sus objetos de valor en la caja fuerte de la habitaci\u00f3n. Si desea, tambi\u00e9n puede dejarlos en la caja fuerte del hotel. Los mismos se recibir\u00e1n y entregar\u00e1n desde las 9 hasta las 13hs (dinero, computadoras, electr\u00f3nicos, etc.).<\/p>\n\n\n\n<p>Las <strong>toallas y toallones <\/strong>que est\u00e1n en la habitaci\u00f3n son de uso exclusivo dentro de la habitaci\u00f3n. No retirarlos para uso en la piscina.<\/p>\n\n\n\n<div class=\"wp-block-buttons is-layout-flex wp-block-buttons-is-layout-flex\">\n<div class=\"wp-block-button\"><a class=\"wp-block-button__link wp-element-button\" href=\"#menu\">Regresar al men\u00fa<\/a><\/div>\n<\/div>\n\n\n\n<h2 class=\"wp-block-heading\" id=\"piscinas\">Piscina exterior<\/h2>\n\n\n\n<figure class=\"wp-block-image size-full\"><img loading=\"lazy\" decoding=\"async\" width=\"700\" height=\"390\" src=\"https:\/\/hotelcid.com.ar\/bienvenido\/wp-content\/uploads\/2022\/06\/pileta.jpg\" alt=\"\" class=\"wp-image-78\" srcset=\"https:\/\/hotelcid.com.ar\/bienvenido\/wp-content\/uploads\/2022\/06\/pileta.jpg 700w, https:\/\/hotelcid.com.ar\/bienvenido\/wp-content\/uploads\/2022\/06\/pileta-300x167.jpg 300w\" sizes=\"auto, (max-width: 700px) 100vw, 700px\" \/><\/figure>\n\n\n\n<p>El horario de uso es de 10 a 19 hs.<br><strong>No<\/strong> se permite utilizar las toallas y toallones de la habitaci\u00f3n en este sector.<br><strong>No<\/strong> se permite el ingreso de comidas y\/o bebidas.<\/p>\n\n\n\n<h2 class=\"wp-block-heading\">Piscina climatizada<\/h2>\n\n\n\n<figure class=\"wp-block-image size-full\"><img loading=\"lazy\" decoding=\"async\" width=\"700\" height=\"390\" src=\"https:\/\/hotelcid.com.ar\/bienvenido\/wp-content\/uploads\/2022\/06\/climatizada.jpg\" alt=\"\" class=\"wp-image-76\" srcset=\"https:\/\/hotelcid.com.ar\/bienvenido\/wp-content\/uploads\/2022\/06\/climatizada.jpg 700w, https:\/\/hotelcid.com.ar\/bienvenido\/wp-content\/uploads\/2022\/06\/climatizada-300x167.jpg 300w\" sizes=\"auto, (max-width: 700px) 100vw, 700px\" \/><\/figure>\n\n\n\n<p>El horario de funcionamiento es de 10:30 a 21 horas. <br><strong>No<\/strong> se permite utilizar las toallas y toallones de la habitaci\u00f3n en este sector.<br><strong>No<\/strong> se permite el ingreso de comidas y\/o bebidas.<\/p>\n\n\n\n<h2 class=\"wp-block-heading\" id=\"bar\">Hip\u00f3lito Bar<\/h2>\n\n\n\n<figure class=\"wp-block-image size-full\"><img loading=\"lazy\" decoding=\"async\" width=\"700\" height=\"390\" src=\"https:\/\/hotelcid.com.ar\/bienvenido\/wp-content\/uploads\/2022\/06\/bar.jpg\" alt=\"\" class=\"wp-image-73\" srcset=\"https:\/\/hotelcid.com.ar\/bienvenido\/wp-content\/uploads\/2022\/06\/bar.jpg 700w, https:\/\/hotelcid.com.ar\/bienvenido\/wp-content\/uploads\/2022\/06\/bar-300x167.jpg 300w\" sizes=\"auto, (max-width: 700px) 100vw, 700px\" \/><\/figure>\n\n\n\n<p>Usted puede almorzar o cenar en <strong>Bar Hip\u00f3lito<\/strong>, ubicado en planta baja contiguo al lobby. Abierto todos los d\u00edas de 9:30 a 1:00 hs. <\/p>\n\n\n\n<p>Puede solicitar servicio a la habitaci\u00f3n con minutas o bebidas&#8230; <\/p>\n\n\n\n<div class=\"wp-block-buttons is-layout-flex wp-block-buttons-is-layout-flex\">\n<div class=\"wp-block-button\"><a class=\"wp-block-button__link wp-element-button\" href=\"#menu\">Regresar al men\u00fa<\/a><\/div>\n<\/div>\n\n\n\n<h2 class=\"wp-block-heading\" id=\"spa\">Spa<\/h2>\n\n\n\n<figure class=\"wp-block-image size-full\"><img loading=\"lazy\" decoding=\"async\" width=\"741\" height=\"276\" src=\"https:\/\/hotelcid.com.ar\/bienvenido\/wp-content\/uploads\/2022\/06\/014.jpg\" alt=\"\" class=\"wp-image-103\" srcset=\"https:\/\/hotelcid.com.ar\/bienvenido\/wp-content\/uploads\/2022\/06\/014.jpg 741w, https:\/\/hotelcid.com.ar\/bienvenido\/wp-content\/uploads\/2022\/06\/014-300x112.jpg 300w\" sizes=\"auto, (max-width: 741px) 100vw, 741px\" \/><\/figure>\n\n\n\n<p>M\u00e9todo de masofilaxia corporal y facial. <br>En una sola sesi\u00f3n de una hora, <strong>8 resultados<\/strong>:<br>\u2022 Revitalizante<br>\u2022 Relajante<br>\u2022 Miorrelajante<br>\u2022 Anti-estr\u00e9s<br>\u2022 Hidratante corporal<br>\u2022 Reestructurante muscular<br>\u2022 Modelador<br>\u2022 Drenante<\/p>\n\n\n\n<p>La sesi\u00f3n incorpora adem\u00e1s musicoterapia, aromaterapia, teromerapia (fr\u00edo y calor), cromoterapia.<\/p>\n\n\n\n<div class=\"wp-block-buttons is-layout-flex wp-block-buttons-is-layout-flex\">\n<div class=\"wp-block-button is-style-outline is-style-outline--1\"><a class=\"wp-block-button__link has-primary-background-color has-text-color has-background wp-element-button\" href=\"https:\/\/api.whatsapp.com\/send?phone=5493541525212&amp;text=Hola%21%20Quisiera%20m%C3%A1s%20informaci%C3%B3n%20sobre%20los%20tratamientos%20de%20Spa%20de%20Hotel%20El%20Cid\" style=\"color:#f8ba00\" target=\"_blank\" rel=\"noreferrer noopener\">RESERVAR UN TURNO<\/a><\/div>\n<\/div>\n\n\n\n<div class=\"wp-block-buttons is-layout-flex wp-block-buttons-is-layout-flex\">\n<div class=\"wp-block-button\"><a class=\"wp-block-button__link wp-element-button\" href=\"#menu\">Regresar al men\u00fa<\/a><\/div>\n<\/div>\n\n\n\n<h2 class=\"wp-block-heading\" id=\"tanque\">Tanque 360\u00ba<\/h2>\n\n\n\n<figure class=\"wp-block-image size-full\"><img loading=\"lazy\" decoding=\"async\" width=\"700\" height=\"394\" src=\"https:\/\/hotelcid.com.ar\/bienvenido\/wp-content\/uploads\/2022\/06\/tanque.jpg\" alt=\"\" class=\"wp-image-84\" srcset=\"https:\/\/hotelcid.com.ar\/bienvenido\/wp-content\/uploads\/2022\/06\/tanque.jpg 700w, https:\/\/hotelcid.com.ar\/bienvenido\/wp-content\/uploads\/2022\/06\/tanque-300x169.jpg 300w\" sizes=\"auto, (max-width: 700px) 100vw, 700px\" \/><\/figure>\n\n\n\n<p>Contamos con una nueva atracci\u00f3n para toda la familia: el <strong>Desaf\u00edo al Tanque<\/strong>, con un mirador panor\u00e1mico de 360\u00ba de toda la ciudad con rappel y escalada, para una diversi\u00f3n asegurada!<\/p>\n\n\n\n<p><strong>Visitas s\u00e1bados y domingos 18hs.<\/strong> Consulte por m\u00e1s informaci\u00f3n con recepci\u00f3n.<\/p>\n\n\n\n<div class=\"wp-block-buttons is-layout-flex wp-block-buttons-is-layout-flex\">\n<div class=\"wp-block-button\"><a class=\"wp-block-button__link wp-element-button\" href=\"#menu\">Regresar al men\u00fa<\/a><\/div>\n<\/div>\n","protected":false},"excerpt":{"rendered":"<p>Informaci\u00f3n \u00fatil Horario de ingreso (check-in) 13 horas.Al momento del ingreso, se le entregar\u00e1 una tarjeta magn\u00e9tica para la apertura de su habitaci\u00f3n y un control remoto de su TV. Al momento de retirarse deber\u00e1 devolverlos en recepci\u00f3n. Horario de salida (check-out) 10:30 horas. Si desea retirarse posteriormente al horario de salida (late check-out), consulte [&hellip;]<\/p>\n","protected":false},"author":1,"featured_media":0,"parent":0,"menu_order":0,"comment_status":"closed","ping_status":"closed","template":"","meta":{"footnotes":""},"class_list":["post-37","page","type-page","status-publish","hentry"],"_links":{"self":[{"href":"https:\/\/hotelcid.com.ar\/bienvenido\/wp-json\/wp\/v2\/pages\/37","targetHints":{"allow":["GET"]}}],"collection":[{"href":"https:\/\/hotelcid.com.ar\/bienvenido\/wp-json\/wp\/v2\/pages"}],"about":[{"href":"https:\/\/hotelcid.com.ar\/bienvenido\/wp-json\/wp\/v2\/types\/page"}],"author":[{"embeddable":true,"href":"https:\/\/hotelcid.com.ar\/bienvenido\/wp-json\/wp\/v2\/users\/1"}],"replies":[{"embeddable":true,"href":"https:\/\/hotelcid.com.ar\/bienvenido\/wp-json\/wp\/v2\/comments?post=37"}],"version-history":[{"count":37,"href":"https:\/\/hotelcid.com.ar\/bienvenido\/wp-json\/wp\/v2\/pages\/37\/revisions"}],"predecessor-version":[{"id":132,"href":"https:\/\/hotelcid.com.ar\/bienvenido\/wp-json\/wp\/v2\/pages\/37\/revisions\/132"}],"wp:attachment":[{"href":"https:\/\/hotelcid.com.ar\/bienvenido\/wp-json\/wp\/v2\/media?parent=37"}],"curies":[{"name":"wp","href":"https:\/\/api.w.org\/{rel}","templated":true}]}}